{"id":1376,"date":"2022-07-15T08:31:41","date_gmt":"2022-07-15T13:31:41","guid":{"rendered":"https:\/\/editorialmmee.com\/?page_id=1376"},"modified":"2022-07-29T16:27:40","modified_gmt":"2022-07-29T21:27:40","slug":"escritores-mexicanos-tomo-i","status":"publish","type":"page","link":"https:\/\/editorialmmee.com\/index.php\/escritores-mexicanos-tomo-i\/","title":{"rendered":"Escritores Mexicanos Tomo I"},"content":{"rendered":"\t\t<div data-elementor-type=\"wp-page\" data-elementor-id=\"1376\" class=\"elementor elementor-1376\">\n\t\t\t\t\t\t<section class=\"elementor-section elementor-top-section elementor-element elementor-element-760260b6 elementor-section-boxed elementor-section-height-default elementor-section-height-default\" data-id=\"760260b6\" data-element_type=\"section\" data-e-type=\"section\" data-settings=\"{&quot;background_background&quot;:&quot;classic&quot;}\">\n\t\t\t\t\t\t<div class=\"elementor-container elementor-column-gap-wider\">\n\t\t\t\t\t<div class=\"elementor-column elementor-col-100 elementor-top-column elementor-element elementor-element-76f9535\" data-id=\"76f9535\" data-element_type=\"column\" data-e-type=\"column\">\n\t\t\t<div class=\"elementor-widget-wrap elementor-element-populated\">\n\t\t\t\t\t\t<div class=\"elementor-element elementor-element-079ed4f elementor-widget elementor-widget-spacer\" data-id=\"079ed4f\" data-element_type=\"widget\" data-e-type=\"widget\" data-widget_type=\"spacer.default\">\n\t\t\t\t<div class=\"elementor-widget-container\">\n\t\t\t\t\t\t\t<div class=\"elementor-spacer\">\n\t\t\t<div class=\"elementor-spacer-inner\"><\/div>\n\t\t<\/div>\n\t\t\t\t\t\t<\/div>\n\t\t\t\t<\/div>\n\t\t\t\t<div class=\"elementor-element elementor-element-2b5bdb9 elementor-widget elementor-widget-heading\" data-id=\"2b5bdb9\" data-element_type=\"widget\" data-e-type=\"widget\" data-widget_type=\"heading.default\">\n\t\t\t\t<div class=\"elementor-widget-container\">\n\t\t\t\t\t<h2 class=\"elementor-heading-title elementor-size-default\"><span class=\"typed-me\" data-string0=\"ESCRITORES MEXICANOS TOMO I\" data-type-speed=\"200\" data-start-delay=\"0\" data-back-speed=\"40\" data-back-delay=\"500\"><\/span><\/h2>\t\t\t\t<\/div>\n\t\t\t\t<\/div>\n\t\t\t\t<div class=\"elementor-element elementor-element-087c210 elementor-widget elementor-widget-spacer\" data-id=\"087c210\" data-element_type=\"widget\" data-e-type=\"widget\" data-widget_type=\"spacer.default\">\n\t\t\t\t<div class=\"elementor-widget-container\">\n\t\t\t\t\t\t\t<div class=\"elementor-spacer\">\n\t\t\t<div class=\"elementor-spacer-inner\"><\/div>\n\t\t<\/div>\n\t\t\t\t\t\t<\/div>\n\t\t\t\t<\/div>\n\t\t\t\t<div class=\"elementor-element elementor-element-5a455195 elementor-widget elementor-widget-heading\" data-id=\"5a455195\" data-element_type=\"widget\" data-e-type=\"widget\" data-widget_type=\"heading.default\">\n\t\t\t\t<div class=\"elementor-widget-container\">\n\t\t\t\t\t<h2 class=\"elementor-heading-title elementor-size-default\">\"Escribir es la manera m\u00e1s profunda de leer la vida\"<\/h2>\t\t\t\t<\/div>\n\t\t\t\t<\/div>\n\t\t\t\t<div class=\"elementor-element elementor-element-5045eb4f elementor-widget elementor-widget-heading\" data-id=\"5045eb4f\" data-element_type=\"widget\" data-e-type=\"widget\" data-widget_type=\"heading.default\">\n\t\t\t\t<div class=\"elementor-widget-container\">\n\t\t\t\t\t<h2 class=\"elementor-heading-title elementor-size-default\">-Francisco Umbral<\/h2>\t\t\t\t<\/div>\n\t\t\t\t<\/div>\n\t\t\t\t<div class=\"elementor-element elementor-element-dc8bcb5 elementor-widget elementor-widget-spacer\" data-id=\"dc8bcb5\" data-element_type=\"widget\" data-e-type=\"widget\" data-widget_type=\"spacer.default\">\n\t\t\t\t<div class=\"elementor-widget-container\">\n\t\t\t\t\t\t\t<div class=\"elementor-spacer\">\n\t\t\t<div class=\"elementor-spacer-inner\"><\/div>\n\t\t<\/div>\n\t\t\t\t\t\t<\/div>\n\t\t\t\t<\/div>\n\t\t\t\t<section class=\"elementor-section elementor-inner-section elementor-element elementor-element-34b261e3 elementor-section-boxed elementor-section-height-default elementor-section-height-default\" data-id=\"34b261e3\" data-element_type=\"section\" data-e-type=\"section\">\n\t\t\t\t\t\t<div class=\"elementor-container elementor-column-gap-default\">\n\t\t\t\t\t<div class=\"elementor-column elementor-col-50 elementor-inner-column elementor-element elementor-element-4067ef\" data-id=\"4067ef\" data-element_type=\"column\" data-e-type=\"column\">\n\t\t\t<div class=\"elementor-widget-wrap elementor-element-populated\">\n\t\t\t\t\t\t<div class=\"elementor-element elementor-element-20bfd43e elementor-widget elementor-widget-image\" data-id=\"20bfd43e\" data-element_type=\"widget\" data-e-type=\"widget\" data-widget_type=\"image.default\">\n\t\t\t\t<div class=\"elementor-widget-container\">\n\t\t\t\t\t\t\t\t\t\t\t\t\t\t\t<img decoding=\"async\" width=\"150\" height=\"150\" src=\"https:\/\/editorialmmee.com\/wp-content\/uploads\/2022\/07\/grupo-de-chat-150x150.png\" class=\"attachment-thumbnail size-thumbnail wp-image-1728\" alt=\"\" srcset=\"https:\/\/editorialmmee.com\/wp-content\/uploads\/2022\/07\/grupo-de-chat-150x150.png 150w, https:\/\/editorialmmee.com\/wp-content\/uploads\/2022\/07\/grupo-de-chat-300x300.png 300w, https:\/\/editorialmmee.com\/wp-content\/uploads\/2022\/07\/grupo-de-chat-100x100.png 100w, https:\/\/editorialmmee.com\/wp-content\/uploads\/2022\/07\/grupo-de-chat.png 512w\" sizes=\"(max-width: 150px) 100vw, 150px\" \/>\t\t\t\t\t\t\t\t\t\t\t\t\t\t\t<\/div>\n\t\t\t\t<\/div>\n\t\t\t\t<div class=\"elementor-element elementor-element-7609c659 elementor-widget elementor-widget-text-editor\" data-id=\"7609c659\" data-element_type=\"widget\" data-e-type=\"widget\" data-widget_type=\"text-editor.default\">\n\t\t\t\t<div class=\"elementor-widget-container\">\n\t\t\t\t\t\t\t\t\t<p>31 AUTORES<\/p>\t\t\t\t\t\t\t\t<\/div>\n\t\t\t\t<\/div>\n\t\t\t\t<div class=\"elementor-element elementor-element-96daa26 elementor-widget elementor-widget-spacer\" data-id=\"96daa26\" data-element_type=\"widget\" data-e-type=\"widget\" data-widget_type=\"spacer.default\">\n\t\t\t\t<div class=\"elementor-widget-container\">\n\t\t\t\t\t\t\t<div class=\"elementor-spacer\">\n\t\t\t<div class=\"elementor-spacer-inner\"><\/div>\n\t\t<\/div>\n\t\t\t\t\t\t<\/div>\n\t\t\t\t<\/div>\n\t\t\t\t<div class=\"elementor-element elementor-element-7f4719bf elementor-widget elementor-widget-image\" data-id=\"7f4719bf\" data-element_type=\"widget\" data-e-type=\"widget\" data-widget_type=\"image.default\">\n\t\t\t\t<div class=\"elementor-widget-container\">\n\t\t\t\t\t\t\t\t\t\t\t\t\t\t\t<img decoding=\"async\" width=\"150\" height=\"150\" src=\"https:\/\/editorialmmee.com\/wp-content\/uploads\/2022\/07\/tierra-150x150.png\" class=\"attachment-thumbnail size-thumbnail wp-image-1727\" alt=\"\" srcset=\"https:\/\/editorialmmee.com\/wp-content\/uploads\/2022\/07\/tierra-150x150.png 150w, https:\/\/editorialmmee.com\/wp-content\/uploads\/2022\/07\/tierra-300x300.png 300w, https:\/\/editorialmmee.com\/wp-content\/uploads\/2022\/07\/tierra-100x100.png 100w, https:\/\/editorialmmee.com\/wp-content\/uploads\/2022\/07\/tierra.png 512w\" sizes=\"(max-width: 150px) 100vw, 150px\" \/>\t\t\t\t\t\t\t\t\t\t\t\t\t\t\t<\/div>\n\t\t\t\t<\/div>\n\t\t\t\t<div class=\"elementor-element elementor-element-7a29ee1 elementor-widget elementor-widget-spacer\" data-id=\"7a29ee1\" data-element_type=\"widget\" data-e-type=\"widget\" data-widget_type=\"spacer.default\">\n\t\t\t\t<div class=\"elementor-widget-container\">\n\t\t\t\t\t\t\t<div class=\"elementor-spacer\">\n\t\t\t<div class=\"elementor-spacer-inner\"><\/div>\n\t\t<\/div>\n\t\t\t\t\t\t<\/div>\n\t\t\t\t<\/div>\n\t\t\t\t<div class=\"elementor-element elementor-element-73edde0e elementor-widget elementor-widget-text-editor\" data-id=\"73edde0e\" data-element_type=\"widget\" data-e-type=\"widget\" data-widget_type=\"text-editor.default\">\n\t\t\t\t<div class=\"elementor-widget-container\">\n\t\t\t\t\t\t\t\t\t<p>M\u00c9XICO<\/p>\t\t\t\t\t\t\t\t<\/div>\n\t\t\t\t<\/div>\n\t\t\t\t\t<\/div>\n\t\t<\/div>\n\t\t\t\t<div class=\"elementor-column elementor-col-50 elementor-inner-column elementor-element elementor-element-4c1bb65e\" data-id=\"4c1bb65e\" data-element_type=\"column\" data-e-type=\"column\">\n\t\t\t<div class=\"elementor-widget-wrap elementor-element-populated\">\n\t\t\t\t\t\t<div class=\"elementor-element elementor-element-3b4f955f elementor-widget elementor-widget-image\" data-id=\"3b4f955f\" data-element_type=\"widget\" data-e-type=\"widget\" data-widget_type=\"image.default\">\n\t\t\t\t<div class=\"elementor-widget-container\">\n\t\t\t\t\t\t\t\t\t\t\t\t\t\t\t<img fetchpriority=\"high\" decoding=\"async\" width=\"191\" height=\"300\" src=\"https:\/\/editorialmmee.com\/wp-content\/uploads\/2022\/07\/Diseno-sin-titulo-3-191x300.png\" class=\"attachment-medium size-medium wp-image-2141\" alt=\"\" srcset=\"https:\/\/editorialmmee.com\/wp-content\/uploads\/2022\/07\/Diseno-sin-titulo-3-191x300.png 191w, https:\/\/editorialmmee.com\/wp-content\/uploads\/2022\/07\/Diseno-sin-titulo-3-600x940.png 600w, https:\/\/editorialmmee.com\/wp-content\/uploads\/2022\/07\/Diseno-sin-titulo-3.png 642w\" sizes=\"(max-width: 191px) 100vw, 191px\" \/>\t\t\t\t\t\t\t\t\t\t\t\t\t\t\t<\/div>\n\t\t\t\t<\/div>\n\t\t\t\t<div class=\"elementor-element elementor-element-6e1cae16 elementor-align-center elementor-widget elementor-widget-button\" data-id=\"6e1cae16\" data-element_type=\"widget\" data-e-type=\"widget\" data-widget_type=\"button.default\">\n\t\t\t\t<div class=\"elementor-widget-container\">\n\t\t\t\t\t\t\t\t\t<div class=\"elementor-button-wrapper\">\n\t\t\t\t\t<a class=\"elementor-button elementor-button-link elementor-size-xl\" href=\"https:\/\/editorialmmee.com\/index.php\/producto\/escritores-mexicanos-tomo-i\/\">\n\t\t\t\t\t\t<span class=\"elementor-button-content-wrapper\">\n\t\t\t\t\t\t\t\t\t<span class=\"elementor-button-text\">COMPRAR AHORA<\/span>\n\t\t\t\t\t<\/span>\n\t\t\t\t\t<\/a>\n\t\t\t\t<\/div>\n\t\t\t\t\t\t\t\t<\/div>\n\t\t\t\t<\/div>\n\t\t\t\t<div class=\"elementor-element elementor-element-55fece10 elementor-widget elementor-widget-text-editor\" data-id=\"55fece10\" data-element_type=\"widget\" data-e-type=\"widget\" data-widget_type=\"text-editor.default\">\n\t\t\t\t<div class=\"elementor-widget-container\">\n\t\t\t\t\t\t\t\t\t<p class=\"_04xlpA direction-ltr align-center para-style-body\"><span class=\"JsGRdQ\">MI M\u00c1QUINA DE ESCRIBIR &#8211; Escritores MEXICANOS<\/span><\/p><p class=\"_04xlpA direction-ltr align-center para-style-body\">TOMO I<\/p><p class=\"_04xlpA direction-ltr align-center para-style-body\">\u00a0<\/p><p class=\"_04xlpA direction-ltr align-center para-style-body\"><span class=\"JsGRdQ\">Es el escenario de la prosa libre, el verso sentido y la canci\u00f3n errante. Una antolog\u00eda apasionante de tema abierto y expresi\u00f3n desmedida que busca servir de escena para estos autores. Inspiraciones producto de la traici\u00f3n, la soledad, la euforia, la familia, el primer amor y extractos de fantas\u00eda buscan, buscan brindar a los lectores la visi\u00f3n de cada autor, quien ha plasmado su alma en cada letra.<\/span><\/p><p>\u00a0<\/p><p class=\"_04xlpA direction-ltr align-center para-style-body\"><span class=\"JsGRdQ\">Con la compra de cada ejemplar, est\u00e1s donando 10% del valor de este libro a la fundaci\u00f3n SUE\u00d1A SIN LIMITES, que plantea firmemente mejorar la calidad de vida de las poblaciones vulnerables de Colombia.<\/span><\/p>\t\t\t\t\t\t\t\t<\/div>\n\t\t\t\t<\/div>\n\t\t\t\t\t<\/div>\n\t\t<\/div>\n\t\t\t\t\t<\/div>\n\t\t<\/section>\n\t\t\t\t<div class=\"elementor-element elementor-element-d8e1b54 elementor-widget elementor-widget-spacer\" data-id=\"d8e1b54\" data-element_type=\"widget\" data-e-type=\"widget\" data-widget_type=\"spacer.default\">\n\t\t\t\t<div class=\"elementor-widget-container\">\n\t\t\t\t\t\t\t<div class=\"elementor-spacer\">\n\t\t\t<div class=\"elementor-spacer-inner\"><\/div>\n\t\t<\/div>\n\t\t\t\t\t\t<\/div>\n\t\t\t\t<\/div>\n\t\t\t\t\t<\/div>\n\t\t<\/div>\n\t\t\t\t\t<\/div>\n\t\t<\/section>\n\t\t\t\t<\/div>\n\t\t","protected":false},"excerpt":{"rendered":"<p>&#8220;Escribir es la manera m\u00e1s profunda de leer la vida&#8221; -Francisco Umbral 31 AUTORES M\u00c9XICO COMPRAR AHORA MI M\u00c1QUINA DE ESCRIBIR &#8211; Escritores MEXICANOS TOMO I \u00a0 Es el escenario de la prosa libre, el verso sentido y la canci\u00f3n errante. Una antolog\u00eda apasionante de tema abierto y expresi\u00f3n desmedida que busca servir de escena [&hellip;]<\/p>\n","protected":false},"author":1,"featured_media":0,"parent":0,"menu_order":0,"comment_status":"closed","ping_status":"closed","template":"","meta":{"om_disable_all_campaigns":false,"_monsterinsights_skip_tracking":false,"_monsterinsights_sitenote_active":false,"_monsterinsights_sitenote_note":"","_monsterinsights_sitenote_category":0,"site-sidebar-layout":"no-sidebar","site-content-layout":"page-builder","ast-site-content-layout":"default","site-content-style":"default","site-sidebar-style":"default","ast-global-header-display":"","ast-banner-title-visibility":"","ast-main-header-display":"","ast-hfb-above-header-display":"","ast-hfb-below-header-display":"","ast-hfb-mobile-header-display":"","site-post-title":"disabled","ast-breadcrumbs-content":"","ast-featured-img":"disabled","footer-sml-layout":"","ast-disable-related-posts":"","theme-transparent-header-meta":"","adv-header-id-meta":"","stick-header-meta":"","header-above-stick-meta":"","header-main-stick-meta":"","header-below-stick-meta":"","astra-migrate-meta-layouts":"default","ast-page-background-enabled":"default","ast-page-background-meta":{"desktop":{"background-color":"var(--ast-global-color-4)","background-image":"","background-repeat":"repeat","background-position":"center center","background-size":"auto","background-attachment":"scroll","background-type":"","background-media":"","overlay-type":"","overlay-color":"","overlay-opacity":"","overlay-gradient":""},"tablet":{"background-color":"","background-image":"","background-repeat":"repeat","background-position":"center center","background-size":"auto","background-attachment":"scroll","background-type":"","background-media":"","overlay-type":"","overlay-color":"","overlay-opacity":"","overlay-gradient":""},"mobile":{"background-color":"","background-image":"","background-repeat":"repeat","background-position":"center center","background-size":"auto","background-attachment":"scroll","background-type":"","background-media":"","overlay-type":"","overlay-color":"","overlay-opacity":"","overlay-gradient":""}},"ast-content-background-meta":{"desktop":{"background-color":"var(--ast-global-color-5)","background-image":"","background-repeat":"repeat","background-position":"center center","background-size":"auto","background-attachment":"scroll","background-type":"","background-media":"","overlay-type":"","overlay-color":"","overlay-opacity":"","overlay-gradient":""},"tablet":{"background-color":"var(--ast-global-color-5)","background-image":"","background-repeat":"repeat","background-position":"center center","background-size":"auto","background-attachment":"scroll","background-type":"","background-media":"","overlay-type":"","overlay-color":"","overlay-opacity":"","overlay-gradient":""},"mobile":{"background-color":"var(--ast-global-color-5)","background-image":"","background-repeat":"repeat","background-position":"center center","background-size":"auto","background-attachment":"scroll","background-type":"","background-media":"","overlay-type":"","overlay-color":"","overlay-opacity":"","overlay-gradient":""}},"_joinchat":[],"footnotes":""},"class_list":["post-1376","page","type-page","status-publish","hentry"],"aioseo_notices":[],"_links":{"self":[{"href":"https:\/\/editorialmmee.com\/index.php\/wp-json\/wp\/v2\/pages\/1376","targetHints":{"allow":["GET"]}}],"collection":[{"href":"https:\/\/editorialmmee.com\/index.php\/wp-json\/wp\/v2\/pages"}],"about":[{"href":"https:\/\/editorialmmee.com\/index.php\/wp-json\/wp\/v2\/types\/page"}],"author":[{"embeddable":true,"href":"https:\/\/editorialmmee.com\/index.php\/wp-json\/wp\/v2\/users\/1"}],"replies":[{"embeddable":true,"href":"https:\/\/editorialmmee.com\/index.php\/wp-json\/wp\/v2\/comments?post=1376"}],"version-history":[{"count":37,"href":"https:\/\/editorialmmee.com\/index.php\/wp-json\/wp\/v2\/pages\/1376\/revisions"}],"predecessor-version":[{"id":3685,"href":"https:\/\/editorialmmee.com\/index.php\/wp-json\/wp\/v2\/pages\/1376\/revisions\/3685"}],"wp:attachment":[{"href":"https:\/\/editorialmmee.com\/index.php\/wp-json\/wp\/v2\/media?parent=1376"}],"curies":[{"name":"wp","href":"https:\/\/api.w.org\/{rel}","templated":true}]}}