{"id":1362,"date":"2022-07-15T08:26:25","date_gmt":"2022-07-15T13:26:25","guid":{"rendered":"https:\/\/editorialmmee.com\/?page_id=1362"},"modified":"2022-07-29T16:16:53","modified_gmt":"2022-07-29T21:16:53","slug":"ivan-camilo-varga","status":"publish","type":"page","link":"https:\/\/editorialmmee.com\/index.php\/ivan-camilo-varga\/","title":{"rendered":"Iv\u00e1n Camilo Varga"},"content":{"rendered":"\t\t<div data-elementor-type=\"wp-page\" data-elementor-id=\"1362\" class=\"elementor elementor-1362\">\n\t\t\t\t\t\t<section class=\"elementor-section elementor-top-section elementor-element elementor-element-0f04ade elementor-section-boxed elementor-section-height-default elementor-section-height-default\" data-id=\"0f04ade\" data-element_type=\"section\" data-e-type=\"section\" data-settings=\"{&quot;background_background&quot;:&quot;classic&quot;}\">\n\t\t\t\t\t\t<div class=\"elementor-container elementor-column-gap-default\">\n\t\t\t\t\t<div class=\"elementor-column elementor-col-100 elementor-top-column elementor-element elementor-element-d20bdcd\" data-id=\"d20bdcd\" data-element_type=\"column\" data-e-type=\"column\">\n\t\t\t<div class=\"elementor-widget-wrap elementor-element-populated\">\n\t\t\t\t\t\t<div class=\"elementor-element elementor-element-ef6e7df elementor-widget elementor-widget-spacer\" data-id=\"ef6e7df\" data-element_type=\"widget\" data-e-type=\"widget\" data-widget_type=\"spacer.default\">\n\t\t\t\t<div class=\"elementor-widget-container\">\n\t\t\t\t\t\t\t<div class=\"elementor-spacer\">\n\t\t\t<div class=\"elementor-spacer-inner\"><\/div>\n\t\t<\/div>\n\t\t\t\t\t\t<\/div>\n\t\t\t\t<\/div>\n\t\t\t\t<div class=\"elementor-element elementor-element-3e78656 elementor-widget elementor-widget-heading\" data-id=\"3e78656\" data-element_type=\"widget\" data-e-type=\"widget\" data-settings=\"{&quot;_animation&quot;:&quot;none&quot;}\" data-widget_type=\"heading.default\">\n\t\t\t\t<div class=\"elementor-widget-container\">\n\t\t\t\t\t<h2 class=\"elementor-heading-title elementor-size-default\"><span class=\"typed-me\" data-string0=\"Iv\u00e1n Camilo Vargas\" data-type-speed=\"200\" data-start-delay=\"0\" data-back-speed=\"40\" data-back-delay=\"500\"><\/span><\/h2>\t\t\t\t<\/div>\n\t\t\t\t<\/div>\n\t\t\t\t<div class=\"elementor-element elementor-element-71b39b1 elementor-widget elementor-widget-spacer\" data-id=\"71b39b1\" data-element_type=\"widget\" data-e-type=\"widget\" data-widget_type=\"spacer.default\">\n\t\t\t\t<div class=\"elementor-widget-container\">\n\t\t\t\t\t\t\t<div class=\"elementor-spacer\">\n\t\t\t<div class=\"elementor-spacer-inner\"><\/div>\n\t\t<\/div>\n\t\t\t\t\t\t<\/div>\n\t\t\t\t<\/div>\n\t\t\t\t<div class=\"elementor-element elementor-element-02fee1a elementor-widget elementor-widget-heading\" data-id=\"02fee1a\" data-element_type=\"widget\" data-e-type=\"widget\" data-widget_type=\"heading.default\">\n\t\t\t\t<div class=\"elementor-widget-container\">\n\t\t\t\t\t<h2 class=\"elementor-heading-title elementor-size-default\">Autor de <br>CUENTOS PSICOACTIVOS<\/h2>\t\t\t\t<\/div>\n\t\t\t\t<\/div>\n\t\t\t\t<div class=\"elementor-element elementor-element-82fda95 elementor-widget elementor-widget-spacer\" data-id=\"82fda95\" data-element_type=\"widget\" data-e-type=\"widget\" data-widget_type=\"spacer.default\">\n\t\t\t\t<div class=\"elementor-widget-container\">\n\t\t\t\t\t\t\t<div class=\"elementor-spacer\">\n\t\t\t<div class=\"elementor-spacer-inner\"><\/div>\n\t\t<\/div>\n\t\t\t\t\t\t<\/div>\n\t\t\t\t<\/div>\n\t\t\t\t<section class=\"elementor-section elementor-inner-section elementor-element elementor-element-90727d4 elementor-section-boxed elementor-section-height-default elementor-section-height-default\" data-id=\"90727d4\" data-element_type=\"section\" data-e-type=\"section\">\n\t\t\t\t\t\t<div class=\"elementor-container elementor-column-gap-default\">\n\t\t\t\t\t<div class=\"elementor-column elementor-col-50 elementor-inner-column elementor-element elementor-element-2532b14\" data-id=\"2532b14\" data-element_type=\"column\" data-e-type=\"column\">\n\t\t\t<div class=\"elementor-widget-wrap elementor-element-populated\">\n\t\t\t\t\t\t<div class=\"elementor-element elementor-element-60f3b76 elementor-widget elementor-widget-image\" data-id=\"60f3b76\" data-element_type=\"widget\" data-e-type=\"widget\" data-widget_type=\"image.default\">\n\t\t\t\t<div class=\"elementor-widget-container\">\n\t\t\t\t\t\t\t\t\t\t\t\t\t\t\t<img fetchpriority=\"high\" decoding=\"async\" width=\"200\" height=\"300\" src=\"https:\/\/editorialmmee.com\/wp-content\/uploads\/2022\/07\/IMG_8436-200x300.jpg\" class=\"attachment-medium size-medium wp-image-1495\" alt=\"\" srcset=\"https:\/\/editorialmmee.com\/wp-content\/uploads\/2022\/07\/IMG_8436-200x300.jpg 200w, https:\/\/editorialmmee.com\/wp-content\/uploads\/2022\/07\/IMG_8436-scaled-600x900.jpg 600w, https:\/\/editorialmmee.com\/wp-content\/uploads\/2022\/07\/IMG_8436-683x1024.jpg 683w, https:\/\/editorialmmee.com\/wp-content\/uploads\/2022\/07\/IMG_8436-768x1152.jpg 768w, https:\/\/editorialmmee.com\/wp-content\/uploads\/2022\/07\/IMG_8436-scaled.jpg 1707w\" sizes=\"(max-width: 200px) 100vw, 200px\" \/>\t\t\t\t\t\t\t\t\t\t\t\t\t\t\t<\/div>\n\t\t\t\t<\/div>\n\t\t\t\t<div class=\"elementor-element elementor-element-187441e elementor-widget elementor-widget-spacer\" data-id=\"187441e\" data-element_type=\"widget\" data-e-type=\"widget\" data-widget_type=\"spacer.default\">\n\t\t\t\t<div class=\"elementor-widget-container\">\n\t\t\t\t\t\t\t<div class=\"elementor-spacer\">\n\t\t\t<div class=\"elementor-spacer-inner\"><\/div>\n\t\t<\/div>\n\t\t\t\t\t\t<\/div>\n\t\t\t\t<\/div>\n\t\t\t\t<div class=\"elementor-element elementor-element-91f41fc elementor-widget elementor-widget-text-editor\" data-id=\"91f41fc\" data-element_type=\"widget\" data-e-type=\"widget\" data-widget_type=\"text-editor.default\">\n\t\t\t\t<div class=\"elementor-widget-container\">\n\t\t\t\t\t\t\t\t\t<p><span class=\"JsGRdQ\">Iv\u00e1n Camilo Vargas Mesa naci\u00f3 en Tunja, Boyac\u00e1 en 1995. Es bi\u00f3logo y estudiante de maestr\u00eda de la Universidad Nacional de Colombia. Su trayectoria a lo largo de la literatura colombiana se evidencia en su publicaci\u00f3n Cuentos de psicodelia y desamor. Adem\u00e1s, ha sido coautor de obras cient\u00edficas y literarias como Gu\u00edas Etnobiol\u00f3gicas de Colombia Nam\u00e9\u2019u, El Abuelo de la Bocana y Mi M\u00e1quina de Escribir &#8211; Escritores del mundo.<\/span><\/p>\t\t\t\t\t\t\t\t<\/div>\n\t\t\t\t<\/div>\n\t\t\t\t<div class=\"elementor-element elementor-element-87670a2 elementor-align-justify elementor-widget elementor-widget-button\" data-id=\"87670a2\" data-element_type=\"widget\" data-e-type=\"widget\" data-widget_type=\"button.default\">\n\t\t\t\t<div class=\"elementor-widget-container\">\n\t\t\t\t\t\t\t\t\t<div class=\"elementor-button-wrapper\">\n\t\t\t\t\t<a class=\"elementor-button elementor-button-link elementor-size-xl\" href=\"https:\/\/editorialmmee.com\/index.php\/producto\/cuentos-psicoactivos\/\">\n\t\t\t\t\t\t<span class=\"elementor-button-content-wrapper\">\n\t\t\t\t\t\t\t\t\t<span class=\"elementor-button-text\">COMPRAR AHORA<\/span>\n\t\t\t\t\t<\/span>\n\t\t\t\t\t<\/a>\n\t\t\t\t<\/div>\n\t\t\t\t\t\t\t\t<\/div>\n\t\t\t\t<\/div>\n\t\t\t\t\t<\/div>\n\t\t<\/div>\n\t\t\t\t<div class=\"elementor-column elementor-col-50 elementor-inner-column elementor-element elementor-element-07b5af6\" data-id=\"07b5af6\" data-element_type=\"column\" data-e-type=\"column\">\n\t\t\t<div class=\"elementor-widget-wrap elementor-element-populated\">\n\t\t\t\t\t\t<div class=\"elementor-element elementor-element-ae36c95 elementor-widget elementor-widget-image\" data-id=\"ae36c95\" data-element_type=\"widget\" data-e-type=\"widget\" data-widget_type=\"image.default\">\n\t\t\t\t<div class=\"elementor-widget-container\">\n\t\t\t\t\t\t\t\t\t\t\t\t\t\t\t<img decoding=\"async\" width=\"200\" height=\"300\" src=\"https:\/\/editorialmmee.com\/wp-content\/uploads\/2022\/07\/Copia-de-Diseno-sin-nombre-200x300.png\" class=\"attachment-medium size-medium wp-image-1519\" alt=\"\" srcset=\"https:\/\/editorialmmee.com\/wp-content\/uploads\/2022\/07\/Copia-de-Diseno-sin-nombre-200x300.png 200w, https:\/\/editorialmmee.com\/wp-content\/uploads\/2022\/07\/Copia-de-Diseno-sin-nombre-600x900.png 600w, https:\/\/editorialmmee.com\/wp-content\/uploads\/2022\/07\/Copia-de-Diseno-sin-nombre-682x1024.png 682w, https:\/\/editorialmmee.com\/wp-content\/uploads\/2022\/07\/Copia-de-Diseno-sin-nombre-768x1152.png 768w, https:\/\/editorialmmee.com\/wp-content\/uploads\/2022\/07\/Copia-de-Diseno-sin-nombre-1024x1536.png 1024w, https:\/\/editorialmmee.com\/wp-content\/uploads\/2022\/07\/Copia-de-Diseno-sin-nombre.png 1333w\" sizes=\"(max-width: 200px) 100vw, 200px\" \/>\t\t\t\t\t\t\t\t\t\t\t\t\t\t\t<\/div>\n\t\t\t\t<\/div>\n\t\t\t\t<div class=\"elementor-element elementor-element-9711ecd elementor-widget elementor-widget-spacer\" data-id=\"9711ecd\" data-element_type=\"widget\" data-e-type=\"widget\" data-widget_type=\"spacer.default\">\n\t\t\t\t<div class=\"elementor-widget-container\">\n\t\t\t\t\t\t\t<div class=\"elementor-spacer\">\n\t\t\t<div class=\"elementor-spacer-inner\"><\/div>\n\t\t<\/div>\n\t\t\t\t\t\t<\/div>\n\t\t\t\t<\/div>\n\t\t\t\t<div class=\"elementor-element elementor-element-5571910 elementor-widget elementor-widget-text-editor\" data-id=\"5571910\" data-element_type=\"widget\" data-e-type=\"widget\" data-widget_type=\"text-editor.default\">\n\t\t\t\t<div class=\"elementor-widget-container\">\n\t\t\t\t\t\t\t\t\t<p class=\"MsoNormal\">Cuentos psicoactivos es una compilaci\u00f3n de 19 relatos que\ndescriben el comportamiento humano cuando se enfrenta a la alteraci\u00f3n de la\nconciencia. Adem\u00e1s, vali\u00e9ndose de distintos subg\u00e9neros de la tragedia y la\nciencia ficci\u00f3n, desviste las mellas psicol\u00f3gicas de la humanidad. Es notable,\nsin duda, la inspiraci\u00f3n art\u00edstica de la figura de la musa griega en cada uno\nde los textos. Temas como el amor, las reflexiones existencialistas y las\nleyendas marcan el estilo de cada historia con ayuda de varios referentes,\nincluyendo a grandes de la literatura colombiana como Gabriel Garc\u00eda M\u00e1rquez y Jorge\nIsaacs, as\u00ed como figuras las internacionales de Isaac Asimov, Eudora Welty Y a\nCharles Bukowski.<o:p><\/o:p><\/p>\t\t\t\t\t\t\t\t<\/div>\n\t\t\t\t<\/div>\n\t\t\t\t\t<\/div>\n\t\t<\/div>\n\t\t\t\t\t<\/div>\n\t\t<\/section>\n\t\t\t\t<div class=\"elementor-element elementor-element-921d553 elementor-widget elementor-widget-spacer\" data-id=\"921d553\" data-element_type=\"widget\" data-e-type=\"widget\" data-widget_type=\"spacer.default\">\n\t\t\t\t<div class=\"elementor-widget-container\">\n\t\t\t\t\t\t\t<div class=\"elementor-spacer\">\n\t\t\t<div class=\"elementor-spacer-inner\"><\/div>\n\t\t<\/div>\n\t\t\t\t\t\t<\/div>\n\t\t\t\t<\/div>\n\t\t\t\t\t<\/div>\n\t\t<\/div>\n\t\t\t\t\t<\/div>\n\t\t<\/section>\n\t\t\t\t<\/div>\n\t\t","protected":false},"excerpt":{"rendered":"<p>Autor de CUENTOS PSICOACTIVOS Iv\u00e1n Camilo Vargas Mesa naci\u00f3 en Tunja, Boyac\u00e1 en 1995. Es bi\u00f3logo y estudiante de maestr\u00eda de la Universidad Nacional de Colombia. Su trayectoria a lo largo de la literatura colombiana se evidencia en su publicaci\u00f3n Cuentos de psicodelia y desamor. Adem\u00e1s, ha sido coautor de obras cient\u00edficas y literarias como [&hellip;]<\/p>\n","protected":false},"author":1,"featured_media":0,"parent":0,"menu_order":0,"comment_status":"closed","ping_status":"closed","template":"","meta":{"om_disable_all_campaigns":false,"_monsterinsights_skip_tracking":false,"_monsterinsights_sitenote_active":false,"_monsterinsights_sitenote_note":"","_monsterinsights_sitenote_category":0,"site-sidebar-layout":"no-sidebar","site-content-layout":"page-builder","ast-site-content-layout":"default","site-content-style":"default","site-sidebar-style":"default","ast-global-header-display":"","ast-banner-title-visibility":"","ast-main-header-display":"","ast-hfb-above-header-display":"","ast-hfb-below-header-display":"","ast-hfb-mobile-header-display":"","site-post-title":"disabled","ast-breadcrumbs-content":"","ast-featured-img":"disabled","footer-sml-layout":"","ast-disable-related-posts":"","theme-transparent-header-meta":"","adv-header-id-meta":"","stick-header-meta":"","header-above-stick-meta":"","header-main-stick-meta":"","header-below-stick-meta":"","astra-migrate-meta-layouts":"default","ast-page-background-enabled":"default","ast-page-background-meta":{"desktop":{"background-color":"var(--ast-global-color-4)","background-image":"","background-repeat":"repeat","background-position":"center center","background-size":"auto","background-attachment":"scroll","background-type":"","background-media":"","overlay-type":"","overlay-color":"","overlay-opacity":"","overlay-gradient":""},"tablet":{"background-color":"","background-image":"","background-repeat":"repeat","background-position":"center center","background-size":"auto","background-attachment":"scroll","background-type":"","background-media":"","overlay-type":"","overlay-color":"","overlay-opacity":"","overlay-gradient":""},"mobile":{"background-color":"","background-image":"","background-repeat":"repeat","background-position":"center center","background-size":"auto","background-attachment":"scroll","background-type":"","background-media":"","overlay-type":"","overlay-color":"","overlay-opacity":"","overlay-gradient":""}},"ast-content-background-meta":{"desktop":{"background-color":"var(--ast-global-color-5)","background-image":"","background-repeat":"repeat","background-position":"center center","background-size":"auto","background-attachment":"scroll","background-type":"","background-media":"","overlay-type":"","overlay-color":"","overlay-opacity":"","overlay-gradient":""},"tablet":{"background-color":"var(--ast-global-color-5)","background-image":"","background-repeat":"repeat","background-position":"center center","background-size":"auto","background-attachment":"scroll","background-type":"","background-media":"","overlay-type":"","overlay-color":"","overlay-opacity":"","overlay-gradient":""},"mobile":{"background-color":"var(--ast-global-color-5)","background-image":"","background-repeat":"repeat","background-position":"center center","background-size":"auto","background-attachment":"scroll","background-type":"","background-media":"","overlay-type":"","overlay-color":"","overlay-opacity":"","overlay-gradient":""}},"_joinchat":[],"footnotes":""},"class_list":["post-1362","page","type-page","status-publish","hentry"],"aioseo_notices":[],"_links":{"self":[{"href":"https:\/\/editorialmmee.com\/index.php\/wp-json\/wp\/v2\/pages\/1362","targetHints":{"allow":["GET"]}}],"collection":[{"href":"https:\/\/editorialmmee.com\/index.php\/wp-json\/wp\/v2\/pages"}],"about":[{"href":"https:\/\/editorialmmee.com\/index.php\/wp-json\/wp\/v2\/types\/page"}],"author":[{"embeddable":true,"href":"https:\/\/editorialmmee.com\/index.php\/wp-json\/wp\/v2\/users\/1"}],"replies":[{"embeddable":true,"href":"https:\/\/editorialmmee.com\/index.php\/wp-json\/wp\/v2\/comments?post=1362"}],"version-history":[{"count":109,"href":"https:\/\/editorialmmee.com\/index.php\/wp-json\/wp\/v2\/pages\/1362\/revisions"}],"predecessor-version":[{"id":3652,"href":"https:\/\/editorialmmee.com\/index.php\/wp-json\/wp\/v2\/pages\/1362\/revisions\/3652"}],"wp:attachment":[{"href":"https:\/\/editorialmmee.com\/index.php\/wp-json\/wp\/v2\/media?parent=1362"}],"curies":[{"name":"wp","href":"https:\/\/api.w.org\/{rel}","templated":true}]}}